{"id":250,"date":"2025-10-02T00:46:37","date_gmt":"2025-10-02T00:46:37","guid":{"rendered":"https:\/\/queraltgiraltsoler.com\/sobre-mi\/"},"modified":"2025-10-02T04:05:57","modified_gmt":"2025-10-02T04:05:57","slug":"sobre-mi","status":"publish","type":"page","link":"https:\/\/queraltgiraltsoler.com\/ca\/sobre-mi\/","title":{"rendered":"Sobre mi"},"content":{"rendered":"<div class=\"et_pb_section_3 et_pb_section et_section_regular et_flex_section et_pb_section_parallax\"><span class=\"et-pb-parallax-wrapper\"><span class=\"et-pb-parallax-background et-pb-parallax-background--css et-pb-parallax-background-module--divi-section-3\" style=\"background-image:url(https:\/\/queraltgiraltsoler.com\/wp-content\/uploads\/2025\/10\/about_me.jpg)\"><\/span><\/span>\n<div class=\"et_pb_row_5 et_pb_row et_flex_row\">\n<div class=\"et_pb_column_7 et_pb_column et-last-child et_flex_column_24_24 et_flex_column et_pb_css_mix_blend_mode_passthrough\">\n<section class=\"et_pb_fullwidth_header_1 et_pb_fullwidth_header et_pb_bg_layout_dark et_pb_text_align_left et_pb_module\"><div class=\"et_pb_fullwidth_header_container left\"><div class=\"header-content-container center\"><div class=\"header-content\"><span class=\"et_pb_fullwidth_header_subhead\"><\/span><div class=\"et_pb_header_content_wrapper\"><p><b>Queralt Giralt Soler<\/b><span style=\"font-weight: 400;\"> \u00e9s violoncel\u00b7lista, cantant, compositora i educadora musical, reconeguda per la seva innovadora fusi\u00f3 de veu i violoncel. Amb un estil que desdibuixa les fronteres entre les seves influ\u00e8ncies cl\u00e0ssiques, jazz\u00edstiques, folkl\u00f2riques i de m\u00fasica contempor\u00e0nia, aporta un so profundament personal a cada actuaci\u00f3.<\/span><\/p>\n<p><span style=\"font-weight: 400;\"><\/span><\/p>\n<p><span style=\"font-weight: 400;\">Graduada a l\u2019<\/span><b>ESMUC (Escola Superior de M\u00fasica de Catalunya)<\/b><span style=\"font-weight: 400;\"> a Barcelona, va completar el seu treball final de grau <\/span><i><span style=\"font-weight: 400;\">&#8220;Aprenentatge musical i expressivitat art\u00edstica&#8221;<\/span><\/i><span style=\"font-weight: 400;\">, amb qualificaci\u00f3 de <\/span><b>matr\u00edcula d\u2019honor<\/b><span style=\"font-weight: 400;\">, reflectint aix\u00ed el seu profund comprom\u00eds tant amb l\u2019excel\u00b7l\u00e8ncia art\u00edstica com pedag\u00f2gica. Posteriorment, va continuar els seus estudis a la <\/span><b>Berklee College of Music<\/b><span style=\"font-weight: 400;\"> de Boston, on va ser guardonada amb la prestigiosa <\/span><b>Berklee World Tour Scholarship<\/b><span style=\"font-weight: 400;\"> i el <\/span><b>Berklee String Department Award 2025<\/b><span style=\"font-weight: 400;\">, en reconeixement a la seva traject\u00f2ria art\u00edstica i contribuci\u00f3 a la comunitat de corda de la universitat.<\/span><\/p>\n<p><span style=\"font-weight: 400;\"><\/span><\/p>\n<p><span style=\"font-weight: 400;\">A Berklee, es va incorporar a l\u2019<\/span><b>Institute of Jazz and Gender Justice<\/b><span style=\"font-weight: 400;\">, fundat per <\/span><b>Terri Lyne Carrington<\/b><span style=\"font-weight: 400;\">, i va rebre mentoratge d\u2019artistes pioners com <\/span><b>Linda May Han Oh<\/b><span style=\"font-weight: 400;\">, <\/span><b>Kris Davis<\/b><span style=\"font-weight: 400;\">, <\/span><b>Eugene Friesen<\/b><span style=\"font-weight: 400;\"> i <\/span><b>Jeremy Harman<\/b><span style=\"font-weight: 400;\">, entre d\u2019altres, contribuint a redefinir el futur del jazz i les cordes modernes a trav\u00e9s de l\u2019equitat, la innovaci\u00f3 i l\u2019experimentaci\u00f3.<\/span><\/p>\n<p><span style=\"font-weight: 400;\"><\/span><\/p>\n<p><span style=\"font-weight: 400;\">Entre els seus projectes personals hi destaquen shows a solo i amb banda de la seva m\u00fasica, un quartet de corda moderna anomenat Clarity String Quartet i\u00a0 <\/span><b>Zambra Collective<\/b><span style=\"font-weight: 400;\">, un col\u00b7lectiu del qual n\u2019\u00e9s membre i fundadora i on es combinen les influ\u00e8ncies multiculturals del grup sota el ventall del jazz. Tamb\u00e9 participa activament en col\u00b7laboracions interdisciplin\u00e0ries, com la instal\u00b7laci\u00f3 de galeria <\/span><i><span style=\"font-weight: 400;\">&#8220;Echoes of Green Street&#8221;<\/span><\/i><span style=\"font-weight: 400;\">, del projecte <\/span><b>DMI Fresh Media<\/b><span style=\"font-weight: 400;\">, on la cellista va compondre i produir la m\u00fasica en col\u00b7laboraci\u00f3 amb artistes visuals i constructors.<\/span><\/p>\n<p><span style=\"font-weight: 400;\"><\/span><\/p>\n<p><span style=\"font-weight: 400;\">Amb base entre els <\/span><b>Estats Units i Catalunya<\/b><span style=\"font-weight: 400;\">, actua regularment a ambd\u00f3s costats de l\u2019Atl\u00e0ntic. Ha col\u00b7laborat amb una \u00e0mplia varietat d\u2019artistes reconeguts com <\/span><b>Kenny Barron<\/b><span style=\"font-weight: 400;\">, <\/span><b>Jacques Morelenbaum<\/b><span style=\"font-weight: 400;\">, <\/span><b>Joe Lovano<\/b><span style=\"font-weight: 400;\">, <\/span><b>Darol Anger<\/b><span style=\"font-weight: 400;\"> i les guanyadores de Latin Grammy, <\/span><b>Las Migas<\/b><span style=\"font-weight: 400;\">. Les seves actuacions s\u2019han pogut escoltar en espais com el <\/span><b>Carnegie Hall<\/b><span style=\"font-weight: 400;\">, el <\/span><b>Detroit Jazz Festival<\/b><span style=\"font-weight: 400;\"> i molts altres escenaris i festivals d\u2019arreu d\u2019Europa i dels Estats Units<\/span><\/p>\n<\/div><\/div><\/div><\/div><div class=\"et_pb_fullwidth_header_overlay\"><\/div><div class=\"et_pb_fullwidth_header_scroll\"><\/div><\/section>\n<\/div>\n<\/div>\n<\/div>\n\n<div class=\"et_pb_section_4 et_pb_section et_section_regular et_block_section\" id=\"contact_ca\">\r\n<div class=\"et_pb_row_6 et_pb_row et_flex_row\">\r\n<div class=\"et_pb_column_8 et_pb_column et-last-child et_flex_column_24_24 et_flex_column_24_24_tablet et_flex_column_24_24_phone et_flex_column et_pb_css_mix_blend_mode_passthrough\">\r\n<div class=\"et_pb_blurb_4 et_pb_blurb et_pb_bg_layout_light et_pb_text_align_left et_pb_blurb_position_top et_animated et_pb_module\"><div class=\"et_pb_blurb_content\"><div class=\"et_pb_main_blurb_image\"><span class=\"et_pb_image_wrap et_pb_only_image_mode_wrap\"><img loading=\"lazy\" decoding=\"async\" src=\"https:\/\/queraltgiraltsoler.com\/wp-content\/uploads\/2025\/10\/contacte-1.png\" width=\"289\" height=\"178\" sizes=\"(max-width: 289px) 100vw, 289px\" class=\"et-waypoint et_pb_animation_top et_pb_animation_top_tablet et_pb_animation_top_phone wp-image-302 wp-image-301\" \/><\/span><\/div><div class=\"et_pb_blurb_container\"><\/div><\/div><\/div>\r\n<\/div>\r\n<\/div>\r\n\r\n<div class=\"et_pb_row_7 et_pb_row et_flex_row\">\r\n<div class=\"et_pb_column_9 et_pb_column et_flex_column_12_24 et_flex_column_12_24_tablet et_flex_column_24_24_phone et_flex_column et_pb_css_mix_blend_mode_passthrough\">\r\n<div class=\"et_pb_contact_form_2 et_pb_contact_form_container clearfix et_pb_recaptcha_enabled et_pb_module\" data-form_unique_num=\"2\" data-form_unique_id=\"01ea8c2a-79e3-4e02-a4e4-c967631fbef7\" id=\"et_pb_contact_form_2\"><div class=\"et-pb-contact-message\"><\/div><div class=\"et_pb_contact\"><form class=\"et_pb_contact_form clearfix\" method=\"post\" action=\"https:\/\/queraltgiraltsoler.com\/ca\/wp-json\/wp\/v2\/pages\/250\">\r\n<p class=\"et_pb_contact_field_6 et_pb_contact_field et_pb_contact_field_half\" data-id=\"name\" data-type=\"input\"><label class=\"et_pb_contact_form_label\">Nom<\/label><input type=\"text\" name=\"et_pb_contact_2_name_6\" id=\"et_pb_contact_2_name_6\" class=\"input\" data-required_mark=\"required\" data-field_type=\"input\" data-original_id=\"name\" placeholder=\"Nom\" title=\"\" value=\"\" \/><\/p>\r\n\r\n<p class=\"et_pb_contact_field_7 et_pb_contact_field et_pb_contact_field_half et_pb_contact_field_last\" data-id=\"email\" data-type=\"email\"><label class=\"et_pb_contact_form_label\">Adre\u00e7a de correu electr\u00f2nic<\/label><input type=\"text\" name=\"et_pb_contact_2_email_7\" id=\"et_pb_contact_2_email_7\" class=\"input\" data-required_mark=\"required\" data-field_type=\"email\" data-original_id=\"email\" placeholder=\"Adre\u00e7a de correu electr\u00f2nic\" title=\"\" value=\"\" \/><\/p>\r\n\r\n<p class=\"et_pb_contact_field_8 et_pb_contact_field et_pb_contact_field_last\" data-id=\"message\" data-type=\"text\"><label class=\"et_pb_contact_form_label\">Missatge<\/label><textarea name=\"et_pb_contact_2_message_8\" id=\"et_pb_contact_2_message_8\" class=\"et_pb_contact_message input\" data-required_mark=\"required\" data-field_type=\"text\" data-original_id=\"message\" placeholder=\"Missatge\"><\/textarea><\/p>\r\n<input type=\"hidden\" name=\"et_pb_contactform_submit_2\" value=\"et_contact_proccess\" \/><div class=\"et_contact_bottom_container\"><div class=\"et_pb_button_wrapper\"><button type=\"submit\" name=\"et_builder_submit_button\" class=\"et_pb_button et_pb_contact_submit\">Submit<\/button><\/div><\/div><input type=\"hidden\" id=\"_wpnonce-et-pb-contact-form-submitted-2\" name=\"_wpnonce-et-pb-contact-form-submitted-2\" value=\"3ffe438be8\" \/><input type=\"hidden\" name=\"_wp_http_referer\" value=\"\/ca\/wp-json\/wp\/v2\/pages\/250\" \/><\/form><\/div><\/div>\r\n<\/div>\r\n\r\n<div class=\"et_pb_column_10 et_pb_column et-last-child et_flex_column_12_24 et_flex_column_12_24_tablet et_flex_column_24_24_phone et_flex_column et_pb_css_mix_blend_mode_passthrough\">\r\n<div class=\"et_pb_blurb_5 et_pb_blurb et_pb_bg_layout_light et_pb_text_align_center et_pb_blurb_position_top et_pb_module\"><div class=\"et_pb_blurb_content\"><div class=\"et_pb_main_blurb_image\"><span class=\"et_pb_image_wrap et_pb_only_image_mode_wrap\"><img loading=\"lazy\" decoding=\"async\" src=\"https:\/\/queraltgiraltsoler.com\/wp-content\/uploads\/2025\/10\/contractacio-1.png\" width=\"367\" height=\"178\" srcset=\"https:\/\/queraltgiraltsoler.com\/wp-content\/uploads\/2025\/10\/contractacio-1.png 367w, https:\/\/queraltgiraltsoler.com\/wp-content\/uploads\/2025\/10\/contractacio-1-300x146.png 300w\" sizes=\"(max-width: 367px) 100vw, 367px\" class=\"et-waypoint et_pb_animation_top et_pb_animation_top_tablet et_pb_animation_top_phone wp-image-300 wp-image-299\" \/><\/span><\/div><div class=\"et_pb_blurb_container\"><div class=\"et_pb_blurb_description\"><p><a href=\"mailto:booking@queraltgiraltsoler.com\">booking@queraltgiraltsoler.com<\/a><\/p>\n<\/div><\/div><\/div><\/div>\r\n<\/div>\r\n<\/div>\r\n<\/div>","protected":false},"excerpt":{"rendered":"","protected":false},"author":1,"featured_media":0,"parent":0,"menu_order":0,"comment_status":"closed","ping_status":"closed","template":"","meta":{"inline_featured_image":false,"footnotes":""},"class_list":["post-250","page","type-page","status-publish","hentry"],"_links":{"self":[{"href":"https:\/\/queraltgiraltsoler.com\/ca\/wp-json\/wp\/v2\/pages\/250","targetHints":{"allow":["GET"]}}],"collection":[{"href":"https:\/\/queraltgiraltsoler.com\/ca\/wp-json\/wp\/v2\/pages"}],"about":[{"href":"https:\/\/queraltgiraltsoler.com\/ca\/wp-json\/wp\/v2\/types\/page"}],"author":[{"embeddable":true,"href":"https:\/\/queraltgiraltsoler.com\/ca\/wp-json\/wp\/v2\/users\/1"}],"replies":[{"embeddable":true,"href":"https:\/\/queraltgiraltsoler.com\/ca\/wp-json\/wp\/v2\/comments?post=250"}],"version-history":[{"count":10,"href":"https:\/\/queraltgiraltsoler.com\/ca\/wp-json\/wp\/v2\/pages\/250\/revisions"}],"predecessor-version":[{"id":335,"href":"https:\/\/queraltgiraltsoler.com\/ca\/wp-json\/wp\/v2\/pages\/250\/revisions\/335"}],"wp:attachment":[{"href":"https:\/\/queraltgiraltsoler.com\/ca\/wp-json\/wp\/v2\/media?parent=250"}],"curies":[{"name":"wp","href":"https:\/\/api.w.org\/{rel}","templated":true}]}}