{"id":287,"date":"2025-05-20T10:04:17","date_gmt":"2025-05-20T10:04:17","guid":{"rendered":"https:\/\/queraltgiraltsoler.com\/queralt\/"},"modified":"2025-10-05T18:30:41","modified_gmt":"2025-10-05T18:30:41","slug":"queralt","status":"publish","type":"page","link":"https:\/\/queraltgiraltsoler.com\/ca\/","title":{"rendered":"Queralt"},"content":{"rendered":"<div class=\"et_pb_section_6 et_pb_section et_section_regular et_block_section et_pb_section_parallax\" id=\"hero-queralt\"><span class=\"et-pb-parallax-wrapper\"><span class=\"et-pb-parallax-background et-pb-parallax-background--css et-pb-parallax-background-module--divi-section-6\" style=\"background-image:url(https:\/\/queraltgiraltsoler.com\/wp-content\/uploads\/2025\/05\/QueraltGiralt_hero_home_2.jpg)\"><\/span><\/span><\/div>\n\n<div class=\"et_pb_section_7 et_pb_section et_section_regular et_block_section\" id=\"custom-header\">\n<div class=\"et_pb_row_7 et_pb_row et_pb_row_6col et_pb_gutters1 et_block_row custom-header-row\">\n<div class=\"et_pb_column_18 et_pb_column et_pb_column_1_6 et_block_column et_pb_css_mix_blend_mode_passthrough\">\n<div class=\"et_pb_image_5 et_pb_image et_pb_module\"><span class=\"et_pb_image_wrap\"><img loading=\"lazy\" decoding=\"async\" src=\"https:\/\/queraltgiraltsoler.com\/wp-content\/uploads\/2025\/05\/logo_black.png\" width=\"803\" height=\"765\" sizes=\"(max-width: 803px) 100vw, 803px\" class=\"wp-image-76\" title=\"logo_black\" \/><\/span><\/div>\n\n<div class=\"et_pb_code_1 et_pb_code et_pb_module\"><div class=\"et_pb_code_inner\"><script>document.addEventListener('DOMContentLoaded', function () {\n    const originalHeader = document.getElementById('main-head');\n    const customHeader = document.getElementById('custom-header');\n    const heroSection = document.getElementById('hero-queralt');\n\n    function updateHeaderOnScroll() {\n      const heroHeight = heroSection.offsetHeight;\n      const triggerHeight = heroHeight * 0.50; \/\/ activa el cambio al llegar al 80% de la altura\n\n      if (window.scrollY > triggerHeight) {\n        originalHeader.classList.add('fade-out');\n        customHeader.classList.add('visible');\n      } else {\n        originalHeader.classList.remove('fade-out');\n        customHeader.classList.remove('visible');\n      }\n    }\n\n    updateHeaderOnScroll();\n    window.addEventListener('scroll', updateHeaderOnScroll);\n    window.addEventListener('resize', updateHeaderOnScroll);\n  });\n<\/script><\/div><\/div>\n<\/div>\n\n<div class=\"et_pb_column_19 et_pb_column et_pb_column_1_6 et_block_column et_pb_column_empty et_pb_css_mix_blend_mode_passthrough\"><\/div>\n\n<div class=\"et_pb_column_20 et_pb_column et_pb_column_1_6 et_block_column et_pb_css_mix_blend_mode_passthrough\">\n<div class=\"et_pb_image_6 et_pb_image et_pb_module menu-item-img\"><span class=\"et_pb_image_wrap\"><img decoding=\"async\" src=\"https:\/\/queraltgiraltsoler.com\/wp-content\/uploads\/2025\/10\/sobremi.png\" title=\"aboutme_menu\" class=\"wp-image-169 wp-image-168\" \/><\/span><\/div>\n<\/div>\n\n<div class=\"et_pb_column_21 et_pb_column et_pb_column_1_6 et_block_column et_pb_css_mix_blend_mode_passthrough\">\n<div class=\"et_pb_image_7 et_pb_image et_pb_module menu-item-img\"><span class=\"et_pb_image_wrap\"><img loading=\"lazy\" decoding=\"async\" src=\"https:\/\/queraltgiraltsoler.com\/wp-content\/uploads\/2025\/05\/music_menu.jpg\" title=\"music_menu\" width=\"191\" height=\"178\" sizes=\"(max-width: 191px) 100vw, 191px\" class=\"wp-image-163 wp-image-162\" \/><\/span><\/div>\n<\/div>\n\n<div class=\"et_pb_column_22 et_pb_column et_pb_column_1_6 et_block_column et_pb_css_mix_blend_mode_passthrough\">\n<div class=\"et_pb_image_8 et_pb_image et_pb_module menu-item-img\"><span class=\"et_pb_image_wrap\"><img decoding=\"async\" src=\"https:\/\/queraltgiraltsoler.com\/wp-content\/uploads\/2025\/10\/mitjans.png\" title=\"media_menu\" class=\"wp-image-165 wp-image-164\" \/><\/span><\/div>\n<\/div>\n\n<div class=\"et_pb_column_23 et_pb_column et_pb_column_1_6 et-last-child et_block_column et_pb_css_mix_blend_mode_passthrough\">\n<div class=\"et_pb_image_9 et_pb_image et_pb_module menu-item-img\"><span class=\"et_pb_image_wrap\"><img loading=\"lazy\" decoding=\"async\" src=\"https:\/\/queraltgiraltsoler.com\/wp-content\/uploads\/2025\/05\/contact_menu.jpg\" title=\"contact_menu\" width=\"244\" height=\"178\" sizes=\"(max-width: 244px) 100vw, 244px\" class=\"wp-image-167 wp-image-166\" \/><\/span><\/div>\n<\/div>\n<\/div>\n<\/div>\n\n<div class=\"et_pb_section_8 et_pb_section et_section_regular et_block_section\">\n<div class=\"et_pb_row_8 et_pb_row et_flex_row\">\n<div class=\"et_pb_column_24 et_pb_column et_flex_column_8_24 et_flex_column_24_24_phone et_flex_column et_pb_css_mix_blend_mode_passthrough\">\n<div class=\"et_pb_blurb_7 et_pb_blurb et_pb_bg_layout_light et_pb_text_align_left et_pb_blurb_position_top et_animated et_pb_module\"><div class=\"et_pb_blurb_content\"><div class=\"et_pb_main_blurb_image\"><span class=\"et_pb_image_wrap et_pb_only_image_mode_wrap\"><img loading=\"lazy\" decoding=\"async\" src=\"https:\/\/queraltgiraltsoler.com\/wp-content\/uploads\/2025\/10\/sobremi-1.png\" width=\"289\" height=\"178\" sizes=\"(max-width: 289px) 100vw, 289px\" class=\"et-waypoint et_pb_animation_top et_pb_animation_top_tablet et_pb_animation_top_phone wp-image-291 wp-image-294\" \/><\/span><\/div><div class=\"et_pb_blurb_container\"><div class=\"et_pb_blurb_description\"><p>S\u00f3c la <strong>Queralt<\/strong>, cellista, cantant, compositora i pedagoga musical. La meva carrera art\u00edstica va comen\u00e7ar a l&#8217;<strong><a href=\"https:\/\/www.esmuc.cat\">ESMUC<\/a><\/strong> i a <a href=\"https:\/\/www.berklee.edu\"><strong>Berklee College of Music<\/strong><\/a>, gr\u00e0cies a una beca Full Tuition otorgada per la universitat. Des de llavors, he tocat nacional i internacionalment amb concerts en reconeguts espais com <strong><a href=\"https:\/\/www.carnegiehall.org\" target=\"_blank\" rel=\"noopener\">Carnegie Hall<\/a><\/strong> o <strong><a href=\"https:\/\/www.detroitjazzfest.org\/artist\/zambra\/\">Detroit Jazz Festiva<\/a><\/strong>l, i col\u00b7laboracions amb artistes com Kenny Barron, Joe Lovano i Las Migas.<\/p>\n<\/div><\/div><\/div><\/div>\n<\/div>\n\n<div class=\"et_pb_column_25 et_pb_column et_flex_column_8_24 et_flex_column_24_24_phone et_flex_column et_pb_css_mix_blend_mode_passthrough\">\n<div class=\"et_pb_blurb_8 et_pb_blurb et_pb_bg_layout_light et_pb_text_align_left et_pb_blurb_position_top et_animated et_pb_module\"><div class=\"et_pb_blurb_content\"><div class=\"et_pb_main_blurb_image\"><span class=\"et_pb_image_wrap et_pb_only_image_mode_wrap\"><img loading=\"lazy\" decoding=\"async\" src=\"https:\/\/queraltgiraltsoler.com\/wp-content\/uploads\/2025\/10\/mitjans-1.png\" width=\"289\" height=\"178\" sizes=\"(max-width: 289px) 100vw, 289px\" class=\"et-waypoint et_pb_animation_top et_pb_animation_top_tablet et_pb_animation_top_phone wp-image-298 wp-image-297\" \/><\/span><\/div><div class=\"et_pb_blurb_container\"><div class=\"et_pb_blurb_description\"><p class=\"p1\">Al llarg de la meva carrera, he tingut la sort d\u2019apar\u00e8ixer a mitjans com<strong> TV3 i Catalunya M\u00fasica, i revistes internacionals<\/strong> com The bold journey i Shoutout LA. All\u00e0 hi trobareu reflexions m\u00e9s personals sobre la meva manera de viure i sentir la m\u00fasica<\/p>\n<\/div><\/div><\/div><\/div>\n<\/div>\n\n<div class=\"et_pb_column_26 et_pb_column et-last-child et_flex_column_8_24 et_flex_column_24_24_phone et_flex_column et_pb_css_mix_blend_mode_passthrough\">\n<div class=\"et_pb_blurb_9 et_pb_blurb et_pb_bg_layout_light et_pb_text_align_left et_pb_blurb_position_top et_animated et_pb_module\"><div class=\"et_pb_blurb_content\"><div class=\"et_pb_main_blurb_image\"><span class=\"et_pb_image_wrap et_pb_only_image_mode_wrap\"><img loading=\"lazy\" decoding=\"async\" src=\"https:\/\/queraltgiraltsoler.com\/wp-content\/uploads\/2025\/10\/music_ca-1.png\" width=\"289\" height=\"178\" sizes=\"(max-width: 289px) 100vw, 289px\" class=\"et-waypoint et_pb_animation_top et_pb_animation_top_tablet et_pb_animation_top_phone wp-image-296 wp-image-295\" \/><\/span><\/div><div class=\"et_pb_blurb_container\"><div class=\"et_pb_blurb_description\"><p class=\"p1\">Aqu\u00ed pots trobar la meva m\u00fasica. Una col\u00b7lecci\u00f3 de moments, sons i emocions capturades a cello i veu. Peces interpretades a solo, col\u00b7laboracions amb altres artistes i actuacions en directe que parlen de la meva traject\u00f2ria entre diferents g\u00e8neres i pa\u00efsos. Us convido a escoltar obertament la meva m\u00fasica i deixar que ella mateixa es presenti.<\/p>\n<\/div><\/div><\/div><\/div>\n<\/div>\n<\/div>\n\n<div class=\"et_pb_row_9 et_pb_row et_flex_row\">\n<div class=\"et_pb_column_27 et_pb_column et_flex_column_8_24 et_flex_column_24_24_phone et_flex_column et_pb_css_mix_blend_mode_passthrough\">\n<div class=\"et_pb_module et_pb_button_module_wrapper et_pb_button_3_wrapper\"><a class=\"et_pb_button_3 et_pb_button et_pb_bg_layout_dark\" href=\"https:\/\/queraltgiraltsoler.com\/ca\/sobre-mi\/\" target=\"_blank\" data-icon=\"$\" data-icon-tablet=\"\" data-icon-phone=\"\" rel=\"\">encara teniu curiositat?<\/a><\/div>\n<\/div>\n\n<div class=\"et_pb_column_28 et_pb_column et_flex_column_8_24 et_flex_column_24_24_phone et_flex_column et_pb_css_mix_blend_mode_passthrough\">\n<div class=\"et_pb_module et_pb_button_module_wrapper et_pb_button_4_wrapper\"><a class=\"et_pb_button_4 et_pb_button et_pb_bg_layout_dark\" href=\"https:\/\/queraltgiraltsoler.com\/ca\/mitjans\/\" target=\"_blank\" data-icon=\"$\" data-icon-tablet=\"\" data-icon-phone=\"\" rel=\"\">llegir m\u00e9s<\/a><\/div>\n<\/div>\n\n<div class=\"et_pb_column_29 et_pb_column et-last-child et_flex_column_8_24 et_flex_column_24_24_phone et_flex_column et_pb_css_mix_blend_mode_passthrough\">\n<div class=\"et_pb_module et_pb_button_module_wrapper et_pb_button_5_wrapper\"><a class=\"et_pb_button_5 et_pb_button et_pb_bg_layout_dark\" href=\"https:\/\/queraltgiraltsoler.com\/ca\/musica\/\" target=\"_blank\" data-icon=\"$\" data-icon-tablet=\"\" data-icon-phone=\"\" rel=\"\">gaudiu de la meva m\u00fasica<\/a><\/div>\n<\/div>\n<\/div>\n<\/div>\n\n<div class=\"et_pb_section_9 et_pb_section et_section_regular et_block_section et_pb_section_parallax\" id=\"hero-queralt\"><span class=\"et-pb-parallax-wrapper\"><span class=\"et-pb-parallax-background et-pb-parallax-background--css et-pb-parallax-background-module--divi-section-9\" style=\"background-image:url(https:\/\/queraltgiraltsoler.com\/wp-content\/uploads\/2025\/09\/hero2.jpg)\"><\/span><\/span><\/div>\n\n<div class=\"et_pb_section_10 et_pb_section et_section_regular et_block_section\" id=\"contact_ca\">\r\n<div class=\"et_pb_row_10 et_pb_row et_flex_row\">\r\n<div class=\"et_pb_column_30 et_pb_column et-last-child et_flex_column_24_24 et_flex_column_24_24_tablet et_flex_column_24_24_phone et_flex_column et_pb_css_mix_blend_mode_passthrough\">\r\n<div class=\"et_pb_blurb_10 et_pb_blurb et_pb_bg_layout_light et_pb_text_align_left et_pb_blurb_position_top et_animated et_pb_module\"><div class=\"et_pb_blurb_content\"><div class=\"et_pb_main_blurb_image\"><span class=\"et_pb_image_wrap et_pb_only_image_mode_wrap\"><img loading=\"lazy\" decoding=\"async\" src=\"https:\/\/queraltgiraltsoler.com\/wp-content\/uploads\/2025\/10\/contacte-1.png\" width=\"289\" height=\"178\" sizes=\"(max-width: 289px) 100vw, 289px\" class=\"et-waypoint et_pb_animation_top et_pb_animation_top_tablet et_pb_animation_top_phone wp-image-302 wp-image-301\" \/><\/span><\/div><div class=\"et_pb_blurb_container\"><\/div><\/div><\/div>\r\n<\/div>\r\n<\/div>\r\n\r\n<div class=\"et_pb_row_11 et_pb_row et_flex_row\">\r\n<div class=\"et_pb_column_31 et_pb_column et_flex_column_12_24 et_flex_column_12_24_tablet et_flex_column_24_24_phone et_flex_column et_pb_css_mix_blend_mode_passthrough\">\r\n<div class=\"et_pb_contact_form_2 et_pb_contact_form_container clearfix et_pb_recaptcha_enabled et_pb_module\" data-form_unique_num=\"2\" data-form_unique_id=\"01ea8c2a-79e3-4e02-a4e4-c967631fbef7\" id=\"et_pb_contact_form_2\"><div class=\"et-pb-contact-message\"><\/div><div class=\"et_pb_contact\"><form class=\"et_pb_contact_form clearfix\" method=\"post\" action=\"https:\/\/queraltgiraltsoler.com\/ca\/wp-json\/wp\/v2\/pages\/287\">\r\n<p class=\"et_pb_contact_field_6 et_pb_contact_field et_pb_contact_field_half\" data-id=\"name\" data-type=\"input\"><label class=\"et_pb_contact_form_label\">Nom<\/label><input type=\"text\" name=\"et_pb_contact_2_name_6\" id=\"et_pb_contact_2_name_6\" class=\"input\" data-required_mark=\"required\" data-field_type=\"input\" data-original_id=\"name\" placeholder=\"Nom\" title=\"\" value=\"\" \/><\/p>\r\n\r\n<p class=\"et_pb_contact_field_7 et_pb_contact_field et_pb_contact_field_half et_pb_contact_field_last\" data-id=\"email\" data-type=\"email\"><label class=\"et_pb_contact_form_label\">Adre\u00e7a de correu electr\u00f2nic<\/label><input type=\"text\" name=\"et_pb_contact_2_email_7\" id=\"et_pb_contact_2_email_7\" class=\"input\" data-required_mark=\"required\" data-field_type=\"email\" data-original_id=\"email\" placeholder=\"Adre\u00e7a de correu electr\u00f2nic\" title=\"\" value=\"\" \/><\/p>\r\n\r\n<p class=\"et_pb_contact_field_8 et_pb_contact_field et_pb_contact_field_last\" data-id=\"message\" data-type=\"text\"><label class=\"et_pb_contact_form_label\">Missatge<\/label><textarea name=\"et_pb_contact_2_message_8\" id=\"et_pb_contact_2_message_8\" class=\"et_pb_contact_message input\" data-required_mark=\"required\" data-field_type=\"text\" data-original_id=\"message\" placeholder=\"Missatge\"><\/textarea><\/p>\r\n<input type=\"hidden\" name=\"et_pb_contactform_submit_2\" value=\"et_contact_proccess\" \/><div class=\"et_contact_bottom_container\"><div class=\"et_pb_button_wrapper\"><button type=\"submit\" name=\"et_builder_submit_button\" class=\"et_pb_button et_pb_contact_submit\">Submit<\/button><\/div><\/div><input type=\"hidden\" id=\"_wpnonce-et-pb-contact-form-submitted-2\" name=\"_wpnonce-et-pb-contact-form-submitted-2\" value=\"3ffe438be8\" \/><input type=\"hidden\" name=\"_wp_http_referer\" value=\"\/ca\/wp-json\/wp\/v2\/pages\/287\" \/><\/form><\/div><\/div>\r\n<\/div>\r\n\r\n<div class=\"et_pb_column_32 et_pb_column et-last-child et_flex_column_12_24 et_flex_column_12_24_tablet et_flex_column_24_24_phone et_flex_column et_pb_css_mix_blend_mode_passthrough\">\r\n<div class=\"et_pb_blurb_11 et_pb_blurb et_pb_bg_layout_light et_pb_text_align_center et_pb_blurb_position_top et_pb_module\"><div class=\"et_pb_blurb_content\"><div class=\"et_pb_main_blurb_image\"><span class=\"et_pb_image_wrap et_pb_only_image_mode_wrap\"><img loading=\"lazy\" decoding=\"async\" src=\"https:\/\/queraltgiraltsoler.com\/wp-content\/uploads\/2025\/10\/contractacio-1.png\" width=\"367\" height=\"178\" srcset=\"https:\/\/queraltgiraltsoler.com\/wp-content\/uploads\/2025\/10\/contractacio-1.png 367w, https:\/\/queraltgiraltsoler.com\/wp-content\/uploads\/2025\/10\/contractacio-1-300x146.png 300w\" sizes=\"(max-width: 367px) 100vw, 367px\" class=\"et-waypoint et_pb_animation_top et_pb_animation_top_tablet et_pb_animation_top_phone wp-image-300 wp-image-299\" \/><\/span><\/div><div class=\"et_pb_blurb_container\"><div class=\"et_pb_blurb_description\"><p><a href=\"mailto:booking@queraltgiraltsoler.com\">booking@queraltgiraltsoler.com<\/a><\/p>\n<\/div><\/div><\/div><\/div>\r\n<\/div>\r\n<\/div>\r\n<\/div>","protected":false},"excerpt":{"rendered":"","protected":false},"author":1,"featured_media":0,"parent":0,"menu_order":0,"comment_status":"closed","ping_status":"closed","template":"","meta":{"inline_featured_image":false,"footnotes":""},"class_list":["post-287","page","type-page","status-publish","hentry"],"_links":{"self":[{"href":"https:\/\/queraltgiraltsoler.com\/ca\/wp-json\/wp\/v2\/pages\/287","targetHints":{"allow":["GET"]}}],"collection":[{"href":"https:\/\/queraltgiraltsoler.com\/ca\/wp-json\/wp\/v2\/pages"}],"about":[{"href":"https:\/\/queraltgiraltsoler.com\/ca\/wp-json\/wp\/v2\/types\/page"}],"author":[{"embeddable":true,"href":"https:\/\/queraltgiraltsoler.com\/ca\/wp-json\/wp\/v2\/users\/1"}],"replies":[{"embeddable":true,"href":"https:\/\/queraltgiraltsoler.com\/ca\/wp-json\/wp\/v2\/comments?post=287"}],"version-history":[{"count":13,"href":"https:\/\/queraltgiraltsoler.com\/ca\/wp-json\/wp\/v2\/pages\/287\/revisions"}],"predecessor-version":[{"id":383,"href":"https:\/\/queraltgiraltsoler.com\/ca\/wp-json\/wp\/v2\/pages\/287\/revisions\/383"}],"wp:attachment":[{"href":"https:\/\/queraltgiraltsoler.com\/ca\/wp-json\/wp\/v2\/media?parent=287"}],"curies":[{"name":"wp","href":"https:\/\/api.w.org\/{rel}","templated":true}]}}