{"id":358,"date":"2025-10-05T17:35:37","date_gmt":"2025-10-05T17:35:37","guid":{"rendered":"https:\/\/queraltgiraltsoler.com\/mitjans\/"},"modified":"2025-10-05T17:52:33","modified_gmt":"2025-10-05T17:52:33","slug":"mitjans","status":"publish","type":"page","link":"https:\/\/queraltgiraltsoler.com\/ca\/mitjans\/","title":{"rendered":"Mitjans"},"content":{"rendered":"<div class=\"et_pb_section_3 et_pb_section et_section_regular et_flex_section et_pb_section_parallax\"><span class=\"et-pb-parallax-wrapper\"><span class=\"et-pb-parallax-background et-pb-parallax-background--css et-pb-parallax-background-module--divi-section-3\" style=\"background-image:url(https:\/\/queraltgiraltsoler.com\/wp-content\/uploads\/2025\/10\/media-hero.jpg)\"><\/span><\/span>\n<div class=\"et_pb_row_6 et_pb_row et_flex_row\">\n<div class=\"et_pb_column_10 et_pb_column et_flex_column_12_24 et_flex_column_12_24_tablet et_flex_column_24_24_phone et_flex_column et_pb_css_mix_blend_mode_passthrough\">\n<div class=\"et_pb_text_6 et_pb_text et_pb_bg_layout_light et_pb_text_align_center et_pb_module\"><div class=\"et_pb_text_inner\"><p class=\"p1\"><b>Entrevista destacada a Catalunya M\u00fasica<\/b><\/p>\n<\/div><\/div>\n\n<div class=\"et_pb_text_7 et_pb_text et_pb_bg_layout_light et_pb_text_align_center et_pb_module\"><div class=\"et_pb_text_inner\"><p class=\"p1\"><i>\u201cQueralt Giralt: A Berklee, es t\u00e9 molta m\u00e9s llibertat per experimentar amb la m\u00fasica\u201d<\/i><\/p>\n<\/div><\/div>\n\n<div class=\"et_pb_audio_1 et_pb_audio et_pb_audio_module clearfix et_pb_bg_layout_dark et_pb_audio_no_image et_pb_module\"><div class=\"et_pb_audio_module_content et_audio_container\"><!--[if lt IE 9]><script>document.createElement('audio');<\/script><![endif]-->\n<audio class=\"wp-audio-shortcode\" id=\"audio-358-1\" preload=\"none\" style=\"width: 100%;\" controls=\"controls\"><source type=\"audio\/mpeg\" src=\"https:\/\/queraltgiraltsoler.com\/wp-content\/uploads\/2025\/10\/queralt-giralt-a-berklee-tens-molta-mes-llibertat-per-experimentar-amb-la-musica.mp3?_=1\" \/><a href=\"https:\/\/queraltgiraltsoler.com\/wp-content\/uploads\/2025\/10\/queralt-giralt-a-berklee-tens-molta-mes-llibertat-per-experimentar-amb-la-musica.mp3\">https:\/\/queraltgiraltsoler.com\/wp-content\/uploads\/2025\/10\/queralt-giralt-a-berklee-tens-molta-mes-llibertat-per-experimentar-amb-la-musica.mp3<\/a><\/audio><\/div><\/div>\n\n<div class=\"et_pb_image_3 et_pb_image et_pb_module\"><span class=\"et_pb_image_wrap\"><img loading=\"lazy\" decoding=\"async\" src=\"https:\/\/queraltgiraltsoler.com\/wp-content\/uploads\/2025\/10\/logotip_cat_musica.png\" width=\"219\" height=\"70\" sizes=\"(max-width: 219px) 100vw, 219px\" class=\"wp-image-351\" \/><\/span><\/div>\n\n<div class=\"et_pb_image_4 et_pb_image et_pb_module\"><span class=\"et_pb_image_wrap\"><img loading=\"lazy\" decoding=\"async\" src=\"https:\/\/queraltgiraltsoler.com\/wp-content\/uploads\/2025\/10\/3Cat_NEGATIU-bn.png\" width=\"1416\" height=\"685\" srcset=\"https:\/\/queraltgiraltsoler.com\/wp-content\/uploads\/2025\/10\/3Cat_NEGATIU-bn.png 1416w, https:\/\/queraltgiraltsoler.com\/wp-content\/uploads\/2025\/10\/3Cat_NEGATIU-bn-1280x619.png 1280w, https:\/\/queraltgiraltsoler.com\/wp-content\/uploads\/2025\/10\/3Cat_NEGATIU-bn-980x474.png 980w, https:\/\/queraltgiraltsoler.com\/wp-content\/uploads\/2025\/10\/3Cat_NEGATIU-bn-480x232.png 480w\" sizes=\"(min-width: 0px) and (max-width: 480px) 480px, (min-width: 481px) and (max-width: 980px) 980px, (min-width: 981px) and (max-width: 1280px) 1280px, (min-width: 1281px) 1416px, 100vw\" class=\"wp-image-352\" \/><\/span><\/div>\n<\/div>\n\n<div class=\"et_pb_column_11 et_pb_column et-last-child et_flex_column_12_24 et_flex_column_12_24_tablet et_flex_column_24_24_phone et_flex_column et_pb_css_mix_blend_mode_passthrough\">\n<div class=\"et_pb_image_5 et_pb_image et_pb_module\"><span class=\"et_pb_image_wrap\"><img loading=\"lazy\" decoding=\"async\" src=\"https:\/\/queraltgiraltsoler.com\/wp-content\/uploads\/2025\/09\/ABOUT-ME.jpg\" width=\"1024\" height=\"1536\" srcset=\"https:\/\/queraltgiraltsoler.com\/wp-content\/uploads\/2025\/09\/ABOUT-ME.jpg 1024w, https:\/\/queraltgiraltsoler.com\/wp-content\/uploads\/2025\/09\/ABOUT-ME-980x1470.jpg 980w, https:\/\/queraltgiraltsoler.com\/wp-content\/uploads\/2025\/09\/ABOUT-ME-480x720.jpg 480w\" sizes=\"(min-width: 0px) and (max-width: 480px) 480px, (min-width: 481px) and (max-width: 980px) 980px, (min-width: 981px) 1024px, 100vw\" class=\"wp-image-208\" \/><\/span><\/div>\n<\/div>\n<\/div>\n\n<div class=\"et_pb_row_7 et_pb_row et_flex_row\">\n<div class=\"et_pb_column_12 et_pb_column et_flex_column_12_24 et_flex_column_12_24_tablet et_flex_column_24_24_phone et_flex_column et_pb_css_mix_blend_mode_passthrough\">\n<div class=\"et_pb_text_8 et_pb_text et_pb_bg_layout_light et_pb_text_align_center et_pb_module\"><div class=\"et_pb_text_inner\"><p>Entrevista<br \/>a Bold Journey<\/p>\n<\/div><\/div>\n\n<div class=\"et_pb_text_9 et_pb_text et_pb_bg_layout_light et_pb_text_align_center et_pb_module\"><div class=\"et_pb_text_inner\"><p class=\"p1\"><i>\u201cConeixeu Queralt Giralt Soler:<br \/>la m\u00fasica que explica el m\u00f3n a trav\u00e9s del seu arc\u201d<\/i><\/p>\n<\/div><\/div>\n\n<div class=\"et_pb_module et_pb_button_module_wrapper et_pb_button_2_wrapper\"><a class=\"et_pb_button_2 et_pb_button et_pb_bg_layout_light\" href=\"https:\/\/boldjourney.com\/meet-queralt-giralt-soler\/\" target=\"_blank\" data-icon=\"$\" data-icon-tablet=\"\" data-icon-phone=\"\" rel=\"\">llegiu l&#039;entrevista<\/a><\/div>\n<\/div>\n\n<div class=\"et_pb_column_13 et_pb_column et-last-child et_flex_column_12_24 et_flex_column_12_24_tablet et_flex_column_24_24_phone et_flex_column et_pb_css_mix_blend_mode_passthrough\">\n<div class=\"et_pb_text_10 et_pb_text et_pb_bg_layout_light et_pb_text_align_center et_pb_module\"><div class=\"et_pb_text_inner\"><p>Entrevista<br \/>a ShoutOut LA<\/p>\n<\/div><\/div>\n\n<div class=\"et_pb_text_11 et_pb_text et_pb_bg_layout_light et_pb_text_align_center et_pb_module\"><div class=\"et_pb_text_inner\"><p class=\"p1\"><i>\u201cConeixeu Queralt Giralt Soler:<br \/>la violoncel\u00b7lista que reinventa els l\u00edmits musicals\u201d<\/i><\/p>\n<\/div><\/div>\n\n<div class=\"et_pb_module et_pb_button_module_wrapper et_pb_button_3_wrapper\"><a class=\"et_pb_button_3 et_pb_button et_pb_bg_layout_light\" href=\"https:\/\/shoutoutla.com\/meet-queralt-giralt-soler-musician\/\" target=\"_blank\" data-icon=\"$\" data-icon-tablet=\"\" data-icon-phone=\"\" rel=\"\">llegiu l&#039;entrevista<\/a><\/div>\n<\/div>\n<\/div>\n<\/div>\n\n<div class=\"et_pb_section_4 et_pb_section et_section_regular et_block_section\" id=\"contact_ca\">\r\n<div class=\"et_pb_row_8 et_pb_row et_flex_row\">\r\n<div class=\"et_pb_column_14 et_pb_column et-last-child et_flex_column_24_24 et_flex_column_24_24_tablet et_flex_column_24_24_phone et_flex_column et_pb_css_mix_blend_mode_passthrough\">\r\n<div class=\"et_pb_blurb_4 et_pb_blurb et_pb_bg_layout_light et_pb_text_align_left et_pb_blurb_position_top et_animated et_pb_module\"><div class=\"et_pb_blurb_content\"><div class=\"et_pb_main_blurb_image\"><span class=\"et_pb_image_wrap et_pb_only_image_mode_wrap\"><img loading=\"lazy\" decoding=\"async\" src=\"https:\/\/queraltgiraltsoler.com\/wp-content\/uploads\/2025\/10\/contacte-1.png\" width=\"289\" height=\"178\" sizes=\"(max-width: 289px) 100vw, 289px\" class=\"et-waypoint et_pb_animation_top et_pb_animation_top_tablet et_pb_animation_top_phone wp-image-302 wp-image-301\" \/><\/span><\/div><div class=\"et_pb_blurb_container\"><\/div><\/div><\/div>\r\n<\/div>\r\n<\/div>\r\n\r\n<div class=\"et_pb_row_9 et_pb_row et_flex_row\">\r\n<div class=\"et_pb_column_15 et_pb_column et_flex_column_12_24 et_flex_column_12_24_tablet et_flex_column_24_24_phone et_flex_column et_pb_css_mix_blend_mode_passthrough\">\r\n<div class=\"et_pb_contact_form_2 et_pb_contact_form_container clearfix et_pb_recaptcha_enabled et_pb_module\" data-form_unique_num=\"2\" data-form_unique_id=\"01ea8c2a-79e3-4e02-a4e4-c967631fbef7\" id=\"et_pb_contact_form_2\"><div class=\"et-pb-contact-message\"><\/div><div class=\"et_pb_contact\"><form class=\"et_pb_contact_form clearfix\" method=\"post\" action=\"https:\/\/queraltgiraltsoler.com\/ca\/wp-json\/wp\/v2\/pages\/358\">\r\n<p class=\"et_pb_contact_field_6 et_pb_contact_field et_pb_contact_field_half\" data-id=\"name\" data-type=\"input\"><label class=\"et_pb_contact_form_label\">Nom<\/label><input type=\"text\" name=\"et_pb_contact_2_name_6\" id=\"et_pb_contact_2_name_6\" class=\"input\" data-required_mark=\"required\" data-field_type=\"input\" data-original_id=\"name\" placeholder=\"Nom\" title=\"\" value=\"\" \/><\/p>\r\n\r\n<p class=\"et_pb_contact_field_7 et_pb_contact_field et_pb_contact_field_half et_pb_contact_field_last\" data-id=\"email\" data-type=\"email\"><label class=\"et_pb_contact_form_label\">Adre\u00e7a de correu electr\u00f2nic<\/label><input type=\"text\" name=\"et_pb_contact_2_email_7\" id=\"et_pb_contact_2_email_7\" class=\"input\" data-required_mark=\"required\" data-field_type=\"email\" data-original_id=\"email\" placeholder=\"Adre\u00e7a de correu electr\u00f2nic\" title=\"\" value=\"\" \/><\/p>\r\n\r\n<p class=\"et_pb_contact_field_8 et_pb_contact_field et_pb_contact_field_last\" data-id=\"message\" data-type=\"text\"><label class=\"et_pb_contact_form_label\">Missatge<\/label><textarea name=\"et_pb_contact_2_message_8\" id=\"et_pb_contact_2_message_8\" class=\"et_pb_contact_message input\" data-required_mark=\"required\" data-field_type=\"text\" data-original_id=\"message\" placeholder=\"Missatge\"><\/textarea><\/p>\r\n<input type=\"hidden\" name=\"et_pb_contactform_submit_2\" value=\"et_contact_proccess\" \/><div class=\"et_contact_bottom_container\"><div class=\"et_pb_button_wrapper\"><button type=\"submit\" name=\"et_builder_submit_button\" class=\"et_pb_button et_pb_contact_submit\">Submit<\/button><\/div><\/div><input type=\"hidden\" id=\"_wpnonce-et-pb-contact-form-submitted-2\" name=\"_wpnonce-et-pb-contact-form-submitted-2\" value=\"3ffe438be8\" \/><input type=\"hidden\" name=\"_wp_http_referer\" value=\"\/ca\/wp-json\/wp\/v2\/pages\/358\" \/><\/form><\/div><\/div>\r\n<\/div>\r\n\r\n<div class=\"et_pb_column_16 et_pb_column et-last-child et_flex_column_12_24 et_flex_column_12_24_tablet et_flex_column_24_24_phone et_flex_column et_pb_css_mix_blend_mode_passthrough\">\r\n<div class=\"et_pb_blurb_5 et_pb_blurb et_pb_bg_layout_light et_pb_text_align_center et_pb_blurb_position_top et_pb_module\"><div class=\"et_pb_blurb_content\"><div class=\"et_pb_main_blurb_image\"><span class=\"et_pb_image_wrap et_pb_only_image_mode_wrap\"><img loading=\"lazy\" decoding=\"async\" src=\"https:\/\/queraltgiraltsoler.com\/wp-content\/uploads\/2025\/10\/contractacio-1.png\" width=\"367\" height=\"178\" srcset=\"https:\/\/queraltgiraltsoler.com\/wp-content\/uploads\/2025\/10\/contractacio-1.png 367w, https:\/\/queraltgiraltsoler.com\/wp-content\/uploads\/2025\/10\/contractacio-1-300x146.png 300w\" sizes=\"(max-width: 367px) 100vw, 367px\" class=\"et-waypoint et_pb_animation_top et_pb_animation_top_tablet et_pb_animation_top_phone wp-image-300 wp-image-299\" \/><\/span><\/div><div class=\"et_pb_blurb_container\"><div class=\"et_pb_blurb_description\"><p><a href=\"mailto:booking@queraltgiraltsoler.com\">booking@queraltgiraltsoler.com<\/a><\/p>\n<\/div><\/div><\/div><\/div>\r\n<\/div>\r\n<\/div>\r\n<\/div>\n\n","protected":false},"excerpt":{"rendered":"","protected":false},"author":1,"featured_media":0,"parent":0,"menu_order":0,"comment_status":"closed","ping_status":"closed","template":"","meta":{"inline_featured_image":false,"footnotes":""},"class_list":["post-358","page","type-page","status-publish","hentry"],"_links":{"self":[{"href":"https:\/\/queraltgiraltsoler.com\/ca\/wp-json\/wp\/v2\/pages\/358","targetHints":{"allow":["GET"]}}],"collection":[{"href":"https:\/\/queraltgiraltsoler.com\/ca\/wp-json\/wp\/v2\/pages"}],"about":[{"href":"https:\/\/queraltgiraltsoler.com\/ca\/wp-json\/wp\/v2\/types\/page"}],"author":[{"embeddable":true,"href":"https:\/\/queraltgiraltsoler.com\/ca\/wp-json\/wp\/v2\/users\/1"}],"replies":[{"embeddable":true,"href":"https:\/\/queraltgiraltsoler.com\/ca\/wp-json\/wp\/v2\/comments?post=358"}],"version-history":[{"count":2,"href":"https:\/\/queraltgiraltsoler.com\/ca\/wp-json\/wp\/v2\/pages\/358\/revisions"}],"predecessor-version":[{"id":360,"href":"https:\/\/queraltgiraltsoler.com\/ca\/wp-json\/wp\/v2\/pages\/358\/revisions\/360"}],"wp:attachment":[{"href":"https:\/\/queraltgiraltsoler.com\/ca\/wp-json\/wp\/v2\/media?parent=358"}],"curies":[{"name":"wp","href":"https:\/\/api.w.org\/{rel}","templated":true}]}}